{"id":135,"date":"2024-08-06T22:40:36","date_gmt":"2024-08-06T19:40:36","guid":{"rendered":"https:\/\/vuralemekci.com.tr\/?page_id=135"},"modified":"2025-04-16T15:43:27","modified_gmt":"2025-04-16T12:43:27","slug":"anasayfa","status":"publish","type":"page","link":"https:\/\/vuralemekci.com.tr\/","title":{"rendered":"Anasayfa"},"content":{"rendered":"<p>[vc_row full_width=&#8221;stretch_row_content_no_spaces&#8221; css=&#8221;.vc_custom_1509607147265{margin-top: 0px !important;margin-bottom: 0px !important;padding-top: 0px !important;padding-bottom: 0px !important;}&#8221;][vc_column width=&#8221;1\/4&#8243; css=&#8221;.vc_custom_1503251047476{margin-top: 0px !important;margin-bottom: 0px !important;}&#8221;]<div class=\"rs-services\"><div class=\"service-inner services-style-2  \">\r\n\t\t<div class=\"services-wrap\"> \r\n         <div class=\"services-item\">\r\n            <div class=\"services-icon\">\r\n                <img decoding=\"async\" src=\"https:\/\/vuralemekci.com.tr\/wp-content\/uploads\/DERS-751x1024.jpg\" alt=\"grassy-service\" \/>\r\n             <\/div>\r\n        \r\n\t\t<div class=\"services-desc\">\t\t\t\r\n\t\t\t<strong>MEB Onayl\u0131 Ders Mod\u00fcl\u00fc<\/strong><\/p>\n<p><strong>3 Ay \/ 12 Saat<\/strong><\/p>\n<p><strong>\u0130lk ay ka\u011f\u0131t \u00fczerinde temel d\u00f6vme e\u011fitimiyle ba\u015flanmaktad\u0131r.<\/strong><\/p>\n<p><strong>\u0130kinci ay<\/strong> yapay deri \u00fczerinde, d\u00f6vme malzemeleri g\u00f6steriliyor; nokta, \u00e7izgi,<\/p>\n<p>&nbsp;<\/p>\n<p><a href=\"https:\/\/vuralemekci.com.tr\/index.php\/dersler\/\"><strong>Devam\u0131n\u0131 Oku<\/strong><\/a> \r\n\t\t<\/div>\t\t\r\n\t\t<\/div>\t\r\n\t<\/div>\r\n\t<h2 class=\"services-title services-title2\"><a href=\"https:\/\/vuralemekci.com.tr\/index.php\/dersler\/\" title=\"Dersler\">DERSLER<\/a><\/h2>\r\n\t<\/div><\/div>[\/vc_column][vc_column width=&#8221;1\/4&#8243;]<div class=\"rs-services\"><div class=\"service-inner services-style-2  \">\r\n\t\t<div class=\"services-wrap\"> \r\n         <div class=\"services-item\">\r\n            <div class=\"services-icon\">\r\n                <img decoding=\"async\" src=\"https:\/\/vuralemekci.com.tr\/wp-content\/uploads\/yetenekj-1-751x1024.jpg\" alt=\"grassy-service\" \/>\r\n             <\/div>\r\n        \r\n\t\t<div class=\"services-desc\">\t\t\t\r\n\t\t\t<strong>Yetenek S\u0131nav\u0131<\/strong><\/p>\n<p>\u00dccret konusunda; yetenekli ama durumu olmayanlar i\u00e7in bursluluk s\u0131nav\u0131 d\u00fczenliyoruz. Ka\u011f\u0131t \u00fczerine kara kalem imgesel bir tasar\u0131m yap\u0131yorsunuz. Yetenek s\u0131nav\u0131na kat\u0131larak, dereceye girilmesi halinde, ilk 5 ki\u015fi i\u00e7in \u00e7esitli burs da\u011f\u0131l\u0131m\u0131 sa\u011flanacakt\u0131r. Da\u011f\u0131l\u0131m ile ilgili;<\/p>\n<p><a href=\"https:\/\/vuralemekci.com.tr\/index.php\/yetenek-sinavi\/\"><strong>Devam\u0131n\u0131 Oku<\/strong><\/a> \r\n\t\t<\/div>\t\t\r\n\t\t<\/div>\t\r\n\t<\/div>\r\n\t<h2 class=\"services-title services-title2\"><a href=\"https:\/\/vuralemekci.com.tr\/index.php\/yetenek-sinavi\/\" title=\"Yetenek S\u0131nav\u0131\">YETENEK SINAVI<\/a><\/h2>\r\n\t<\/div><\/div>[\/vc_column][vc_column width=&#8221;1\/4&#8243;]<div class=\"rs-services\"><div class=\"service-inner services-style-2  \">\r\n\t\t<div class=\"services-wrap\"> \r\n         <div class=\"services-item\">\r\n            <div class=\"services-icon\">\r\n                <img decoding=\"async\" src=\"https:\/\/vuralemekci.com.tr\/wp-content\/uploads\/seminer-1-751x1024.jpg\" alt=\"grassy-service\" \/>\r\n             <\/div>\r\n        \r\n\t\t<div class=\"services-desc\">\t\t\t\r\n\t\t\t<strong>SEM\u0130NERLER<\/strong><\/p>\n<p>D\u00fczenledi\u011fimiz \u00e7e\u015fitli seminerler ile \u0130nk Akademi olarak \u00d6\u011frencilerimizin geli\u015fimine katk\u0131da bulunmaya ve g\u00fcncel kalmaya \u00f6zen g\u00f6steriyoruz. \r\n\t\t<\/div>\t\t\r\n\t\t<\/div>\t\r\n\t<\/div>\r\n\t<h2 class=\"services-title services-title2\"><a href=\"https:\/\/vuralemekci.com.tr\/index.php\/seminerler\/\" title=\"Seminerler\">SEM\u0130NERLER<\/a><\/h2>\r\n\t<\/div><\/div>[\/vc_column][vc_column width=&#8221;1\/4&#8243;]<div class=\"rs-services\"><div class=\"service-inner services-style-2  \">\r\n\t\t<div class=\"services-wrap\"> \r\n         <div class=\"services-item\">\r\n            <div class=\"services-icon\">\r\n                <img decoding=\"async\" src=\"https:\/\/vuralemekci.com.tr\/wp-content\/uploads\/festj-751x1024.jpg\" alt=\"grassy-service\" \/>\r\n             <\/div>\r\n        \r\n\t\t<div class=\"services-desc\">\t\t\t\r\n\t\t\t<strong>FEST\u0130VALLER<\/strong><\/p>\n<p>\u0130nk Akademi olarak d\u00fcnyan\u0131n \u00e7e\u015fitli \u00fclkelerinde d\u00fczenlenen festivallere son h\u0131z kat\u0131lmaya devam ediyoruz. \r\n\t\t<\/div>\t\t\r\n\t\t<\/div>\t\r\n\t<\/div>\r\n\t<h2 class=\"services-title services-title2\"><a href=\"https:\/\/vuralemekci.com.tr\/index.php\/festivaller\/\" title=\"Festivaller\">FEST\u0130VALLER<\/a><\/h2>\r\n\t<\/div><\/div>[\/vc_column][\/vc_row][vc_row full_width=&#8221;stretch_row_content_no_spaces&#8221; css=&#8221;.vc_custom_1509607147265{margin-top: 0px !important;margin-bottom: 0px !important;padding-top: 0px !important;padding-bottom: 0px !important;}&#8221;][vc_column width=&#8221;1\/3&#8243; css=&#8221;.vc_custom_1503251047476{margin-top: 0px !important;margin-bottom: 0px !important;}&#8221;]<div class=\"rs-services\"><div class=\"service-inner services-style-2  \">\r\n\t\t<div class=\"services-wrap\"> \r\n         <div class=\"services-item\">\r\n            <div class=\"services-icon\">\r\n                <img decoding=\"async\" src=\"https:\/\/vuralemekci.com.tr\/wp-content\/uploads\/magazink-751x1024.jpg\" alt=\"grassy-service\" \/>\r\n             <\/div>\r\n        \r\n\t\t<div class=\"services-desc\">\t\t\t\r\n\t\t\tD\u00f6vme d\u00fcnyas\u0131n\u0131 yak\u0131ndan takip etmek istiyorum diyorsan\u0131z Magazink ile g\u00fcncel trendlerden haberdar olabilirsiniz! \r\n\t\t<\/div>\t\t\r\n\t\t<\/div>\t\r\n\t<\/div>\r\n\t<h2 class=\"services-title services-title2\"><a href=\"https:\/\/vuralemekci.com.tr\/index.php\/magazink\/\" title=\"MAGAZ\u0130NK\">MAGAZ\u0130NK<\/a><\/h2>\r\n\t<\/div><\/div>[\/vc_column][vc_column width=&#8221;1\/3&#8243;]<div class=\"rs-services\"><div class=\"service-inner services-style-2  \">\r\n\t\t<div class=\"services-wrap\"> \r\n         <div class=\"services-item\">\r\n            <div class=\"services-icon\">\r\n                <img decoding=\"async\" src=\"https:\/\/vuralemekci.com.tr\/wp-content\/uploads\/instagm-751x1024.jpg\" alt=\"grassy-service\" \/>\r\n             <\/div>\r\n        \r\n\t\t<div class=\"services-desc\">\t\t\t\r\n\t\t\t<\/p>\n<h5><\/h5>\n<h5><\/h5>\n<p> \r\n\t\t<\/div>\t\t\r\n\t\t<\/div>\t\r\n\t<\/div>\r\n\t<h2 class=\"services-title services-title2\"><a href=\"https:\/\/www.instagram.com\/inkakademi\/\" title=\"INSTAGRAM\">INSTAGRAM<\/a><\/h2>\r\n\t<\/div><\/div>[\/vc_column][vc_column width=&#8221;1\/3&#8243;]<div class=\"rs-services\"><div class=\"service-inner services-style-2  vc_custom_1724141336206 \">\r\n\t\t<div class=\"services-wrap\"> \r\n         <div class=\"services-item\">\r\n            <div class=\"services-icon\">\r\n                <img decoding=\"async\" src=\"https:\/\/vuralemekci.com.tr\/wp-content\/uploads\/youtube-751x1024.png\" alt=\"grassy-service\" \/>\r\n             <\/div>\r\n        \r\n\t\t<div class=\"services-desc\">\t\t\t\r\n\t\t\t \r\n\t\t<\/div>\t\t\r\n\t\t<\/div>\t\r\n\t<\/div>\r\n\t<h2 class=\"services-title services-title2\"><a href=\"https:\/\/www.youtube.com\/channel\/UCF_F-XhZqST7-pxKq8MRxDg\" title=\"YOUTUBE\">YOUTUBE<\/a><\/h2>\r\n\t<\/div><\/div>[\/vc_column][\/vc_row][vc_row full_width=&#8221;stretch_row_content_no_spaces&#8221; css=&#8221;.vc_custom_1509607147265{margin-top: 0px !important;margin-bottom: 0px !important;padding-top: 0px !important;padding-bottom: 0px !important;}&#8221;][vc_column css=&#8221;.vc_custom_1503251047476{margin-top: 0px !important;margin-bottom: 0px !important;}&#8221;][vc_empty_space][\/vc_column][\/vc_row][vc_row full_width=&#8221;stretch_row_content&#8221; css=&#8221;.vc_custom_1705670290764{margin-top: 0px !important;margin-bottom: 0px !important;padding-top: 0px !important;padding-bottom: 0px !important;}&#8221;][vc_column width=&#8221;1\/4&#8243; css=&#8221;.vc_custom_1503251047476{margin-top: 0px !important;margin-bottom: 0px !important;}&#8221;][vc_raw_html]JTNDaWZyYW1lJTIwd2lkdGglM0QlMjI0NDAlMjIlMjBoZWlnaHQlM0QlMjI3ODMlMjIlMjBzcmMlM0QlMjJodHRwcyUzQSUyRiUyRnd3dy55b3V0dWJlLmNvbSUyRmVtYmVkJTJGMlI3VGxvU1ZvYTQlMjIlMjB0aXRsZSUzRCUyMkQlQzMlQjZ2bWUlMjBkZXJzbGVyaW1peiUyMHNvbm5ubiUyMGglQzQlQjF6JUM0JUIxeWxhJTIwZGV2YW0lMjBlZGl5b3IlMjAlRjAlOUYlOTElQTklRjAlOUYlOEYlQkMlRTIlODAlOEQlRjAlOUYlOEUlQTglRjAlOUYlOTElQTglRjAlOUYlOEYlQkIlRTIlODAlOEQlRjAlOUYlOEUlQTglMjAlMjNkJUMzJUI2dm1lJTIwJTIzdGF0dG9vJTIwJTIzYXJ0JTIwJTIzJUMzJUE3aXppbSUyMiUyMGZyYW1lYm9yZGVyJTNEJTIyMCUyMiUyMGFsbG93JTNEJTIyYWNjZWxlcm9tZXRlciUzQiUyMGF1dG9wbGF5JTNCJTIwY2xpcGJvYXJkLXdyaXRlJTNCJTIwZW5jcnlwdGVkLW1lZGlhJTNCJTIwZ3lyb3Njb3BlJTNCJTIwcGljdHVyZS1pbi1waWN0dXJlJTNCJTIwd2ViLXNoYXJlJTIyJTIwYWxsb3dmdWxsc2NyZWVuJTNFJTNDJTJGaWZyYW1lJTNF[\/vc_raw_html][\/vc_column][vc_column width=&#8221;1\/4&#8243;][vc_raw_html]JTNDaWZyYW1lJTIwd2lkdGglM0QlMjI0NDAlMjIlMjBoZWlnaHQlM0QlMjI3ODMlMjIlMjBzcmMlM0QlMjJodHRwcyUzQSUyRiUyRnd3dy55b3V0dWJlLmNvbSUyRmVtYmVkJTJGMk9pWEVkYnptRDAlMjIlMjB0aXRsZSUzRCUyMkglQzQlQjF6bGFuZCVDNCVCMXIlQzQlQjFsbSVDNCVCMSVDNSU5RiUyMGQlQzMlQjZ2bWUlMjBrdXJzdW11eiUyMGlsZSUyMDIlMjBoYWZ0YWRhJTIwZCVDMyVCNnZtZSUyMHNhbmF0JUMzJUE3JUM0JUIxcyVDNCVCMSUyMG9sYWJpbGlyc2luaXolMjElMjAlMjN0YXR0b28lMjAlMjN0YXR0b29hcnRpc3QlMjIlMjBmcmFtZWJvcmRlciUzRCUyMjAlMjIlMjBhbGxvdyUzRCUyMmFjY2VsZXJvbWV0ZXIlM0IlMjBhdXRvcGxheSUzQiUyMGNsaXBib2FyZC13cml0ZSUzQiUyMGVuY3J5cHRlZC1tZWRpYSUzQiUyMGd5cm9zY29wZSUzQiUyMHBpY3R1cmUtaW4tcGljdHVyZSUzQiUyMHdlYi1zaGFyZSUyMiUyMHJlZmVycmVycG9saWN5JTNEJTIyc3RyaWN0LW9yaWdpbi13aGVuLWNyb3NzLW9yaWdpbiUyMiUyMGFsbG93ZnVsbHNjcmVlbiUzRSUzQyUyRmlmcmFtZSUzRQ==[\/vc_raw_html][\/vc_column][vc_column width=&#8221;1\/4&#8243;][vc_raw_html]JTNDaWZyYW1lJTIwd2lkdGglM0QlMjI0NDAlMjIlMjBoZWlnaHQlM0QlMjI3ODMlMjIlMjBzcmMlM0QlMjJodHRwcyUzQSUyRiUyRnd3dy55b3V0dWJlLmNvbSUyRmVtYmVkJTJGTEdYUmcxcUhhbW8lMjIlMjB0aXRsZSUzRCUyMiVDNCVCMG5rYWthZGVtaWRlJTIwZGVyc2xlciUyMG5hcyVDNCVCMWwlMjBnZSVDMyVBN2l5b3IlM0YlMjAlMjN0YXR0b28lMjAlMjNkJUMzJUI2dm1lJTIwJTIzYW5rYXJhZCVDMyVCNnZtZSUyMCUyM2FydCUyMCUyM3RhdHRvb2FydGlzdCUyMiUyMGZyYW1lYm9yZGVyJTNEJTIyMCUyMiUyMGFsbG93JTNEJTIyYWNjZWxlcm9tZXRlciUzQiUyMGF1dG9wbGF5JTNCJTIwY2xpcGJvYXJkLXdyaXRlJTNCJTIwZW5jcnlwdGVkLW1lZGlhJTNCJTIwZ3lyb3Njb3BlJTNCJTIwcGljdHVyZS1pbi1waWN0dXJlJTNCJTIwd2ViLXNoYXJlJTIyJTIwYWxsb3dmdWxsc2NyZWVuJTNFJTNDJTJGaWZyYW1lJTNF[\/vc_raw_html][\/vc_column][vc_column width=&#8221;1\/4&#8243;][vc_raw_html]JTNDaWZyYW1lJTIwd2lkdGglM0QlMjI0NDAlMjIlMjBoZWlnaHQlM0QlMjI3ODMlMjIlMjBzcmMlM0QlMjJodHRwcyUzQSUyRiUyRnd3dy55b3V0dWJlLmNvbSUyRmVtYmVkJTJGdU4tNU85aGt4QlklMjIlMjB0aXRsZSUzRCUyMkQlQzMlQjZ2bWUlMjBlJUM0JTlGaXRpbWklMjBhbGFuJTIwJUMzJUI2JUM0JTlGcmVuY2lsZXJpbWl6bGUlMjB1ZmFrJTIwc29oYmV0bGVyJUYwJTlGJUFCJUI2JUYwJTlGJThGJUJCJTIwJTIzZCVDMyVCNnZtZSUyMCUyM2Fua2FyYWQlQzMlQjZ2bWUlMjAlMjN0YXR0b28lMjAlMjNhcnQlMjAlMjNpbmtha2FkZW1pJTIyJTIwZnJhbWVib3JkZXIlM0QlMjIwJTIyJTIwYWxsb3clM0QlMjJhY2NlbGVyb21ldGVyJTNCJTIwYXV0b3BsYXklM0IlMjBjbGlwYm9hcmQtd3JpdGUlM0IlMjBlbmNyeXB0ZWQtbWVkaWElM0IlMjBneXJvc2NvcGUlM0IlMjBwaWN0dXJlLWluLXBpY3R1cmUlM0IlMjB3ZWItc2hhcmUlMjIlMjBhbGxvd2Z1bGxzY3JlZW4lM0UlM0MlMkZpZnJhbWUlM0U=[\/vc_raw_html][\/vc_column][\/vc_row][vc_row css=&#8221;.vc_custom_1505294554309{padding-top: 65px !important;padding-bottom: 65px !important;}&#8221; el_id=&#8221;rs-about&#8221; el_class=&#8221;rs-about&#8221;][vc_column width=&#8221;7\/12&#8243; css=&#8221;.vc_custom_1505208036130{padding-right: 65px !important;}&#8221;]\r\n        <div class=\"sec-title  dd\">         \r\n            <h4 style=\"color:\">INK AKADEM\u0130<\/h4>             \r\n            <h3 style=\"color:\">Hakk\u0131nda<\/h3>        \r\n        <\/div>[vc_column_text css=&#8221;.vc_custom_1598862892955{padding-top: 35px !important;}&#8221;]Belki hep d\u00f6vme sanat\u00e7\u0131s\u0131 olmak istediniz fakat nereden<br \/>\nba\u015flayaca\u011f\u0131n\u0131z\u0131 bilmiyordunuz, \u00e7izim yetene\u011finizin olmad\u0131\u011f\u0131n\u0131 d\u00fc\u015f\u00fcnd\u00fcn\u00fcz ya da cesaret edemediniz ve \u00f6ylece bir k\u00f6\u015fede kald\u0131 bu hayaliniz. Ama hi\u00e7bir \u015fey i\u00e7in hi\u00e7bir zaman ge\u00e7 degildir![\/vc_column_text]\r\n\t\t<div class=\"rs-services\">\r\n\t\t<div class=\"services-wrap  \"> \r\n         <div class=\"services-item\">\r\n            <div class=\"services-icon\">\r\n                <i class=\"fa fa-check\"><\/i>\r\n             <\/div>\r\n        \r\n\t\t\t<div class=\"services-desc\">\r\n\t\t\t\t<h2 class=\"services-title\"><a >D\u00f6vme Makineleri ve St\u00fcdyo Ekipmanlar\u0131<\/a><\/h2>\r\n\t\t\t\tD\u00f6vme Makinelerini ve St\u00fcdyo Ekipmanlar\u0131n\u0131 Tan\u0131t\u0131yoruz. \r\n\t\t\t\t<\/div>\r\n\t\t\t<\/div>\t\r\n\t\t<\/div><\/div>\r\n\t\r\n\t\t<div class=\"rs-services\">\r\n\t\t<div class=\"services-wrap  \"> \r\n         <div class=\"services-item\">\r\n            <div class=\"services-icon\">\r\n                <i class=\"fa fa-check\"><\/i>\r\n             <\/div>\r\n        \r\n\t\t\t<div class=\"services-desc\">\r\n\t\t\t\t<h2 class=\"services-title\"><a >Desenler ve Hijyen<\/a><\/h2>\r\n\t\t\t\tD\u00f6vme yaparken se\u00e7ilen desenler ve d\u00f6vme esnas\u0131nda ortam\u0131n hijyeni konular\u0131nad e\u011fitiyoruz. \r\n\t\t\t\t<\/div>\r\n\t\t\t<\/div>\t\r\n\t\t<\/div><\/div>\r\n\t[\/vc_column][vc_column width=&#8221;5\/12&#8243;][vc_single_image image=&#8221;3657&#8243; img_size=&#8221;full&#8221;][vc_btn title=&#8221;Sat\u0131n Al&#8221; link=&#8221;url:https%3A%2F%2Fwww.dr.com.tr%2FKitap%2FAdan-Zye-Dovme-Sanati%2FHobi%2FGenel-Ilgi%2Furunno%3D0000000413671|||&#8221;][\/vc_column][\/vc_row][vc_row css=&#8221;.vc_custom_1505294554309{padding-top: 65px !important;padding-bottom: 65px !important;}&#8221; el_class=&#8221;rs-about&#8221;][vc_column width=&#8221;7\/12&#8243; css=&#8221;.vc_custom_1505208036130{padding-right: 65px !important;}&#8221;]\r\n        <div class=\"sec-title  dd\">         \r\n            <h4 style=\"color:\">INK AKADEM\u0130<\/h4>             \r\n            <h3 style=\"color:\">Hakk\u0131nda<\/h3>        \r\n        <\/div>[vc_column_text css=&#8221;.vc_custom_1705673477082{padding-top: 35px !important;}&#8221;]<strong>D\u00f6vme Sanat\u0131na Ad\u0131m At\u0131n: Sanat Dolu Bir Ser\u00fcvene Ho\u015f Geldiniz!<\/strong><\/p>\n<p>D\u00f6vme, binlerce y\u0131ll\u0131k bir ge\u00e7mi\u015fe sahip olan ve her d\u00f6nemde farkl\u0131 k\u00fclt\u00fcrlerde kendine \u00f6zg\u00fc bir ifade bi\u00e7imi haline gelen bir sanatt\u0131r. E\u011fer siz de bu \u00f6zel sanata dair bilgi sahibi olmak, kendi sanat\u0131n\u0131z\u0131 yaratmak ve d\u00f6vme d\u00fcnyas\u0131nda ad\u0131n\u0131z\u0131 duyurmak istiyorsan\u0131z, do\u011fru adrestesiniz!<\/p>\n<p><strong>Neden Biz?<\/strong><\/p>\n<ol>\n<li><strong>Deneyimli ve Uzman E\u011fitmenler:<\/strong> Kurslar\u0131m\u0131z\u0131, sekt\u00f6rde deneyimli ve ad\u0131n\u0131 duyurmu\u015f d\u00f6vme sanat\u00e7\u0131lar\u0131 taraf\u0131ndan verilmektedir. Sizinle tecr\u00fcbelerini payla\u015farak, ba\u015far\u0131l\u0131 bir d\u00f6vme sanat\u00e7\u0131s\u0131 olman\u0131z i\u00e7in ellerinden gelenin en iyisini yapacaklard\u0131r.<\/li>\n<li><strong>Kapsaml\u0131 Programlar:<\/strong> Kurslar\u0131m\u0131z, d\u00f6vme sanat\u0131na dair geni\u015f bir yelpazede bilgi ve beceri sa\u011flamak amac\u0131yla tasarlanm\u0131\u015ft\u0131r. Temel tekniklerden ba\u015flayarak, renk kullan\u0131m\u0131na, tasar\u0131m olu\u015fturmaktan deri \u00fczerine d\u00f6vme yapmaya kadar pek \u00e7ok konuyu kapsar.<\/li>\n<li><strong>Pratik Deneyim:<\/strong> Kurslar\u0131m\u0131zda teorik bilgiyi hemen prati\u011fe d\u00f6n\u00fc\u015ft\u00fcrme imkan\u0131 bulacaks\u0131n\u0131z. Ger\u00e7ek deri \u00fczerinde uygulama yapma f\u0131rsatlar\u0131 ile d\u00f6vme sanat\u0131n\u0131 \u00f6\u011frenmek daha keyifli olacak.<\/li>\n<li><strong>Sertifikal\u0131 E\u011fitim:<\/strong> Tamamlad\u0131\u011f\u0131n\u0131zda sertifikaland\u0131r\u0131lan kurslar\u0131m\u0131z, sekt\u00f6rdeki potansiyel i\u015f f\u0131rsatlar\u0131n\u0131z\u0131 art\u0131rmak ve g\u00fcvenilir bir d\u00f6vme sanat\u00e7\u0131s\u0131 olman\u0131z\u0131 sa\u011flamak ad\u0131na \u00f6nemli bir ad\u0131md\u0131r.<\/li>\n<li><strong>S\u00fcrekli Destek ve A\u011f Olu\u015fturma:<\/strong> Kurs sonras\u0131nda da size destek olmaya devam ediyoruz. Sanat camias\u0131nda ba\u011flant\u0131lar kurman\u0131za yard\u0131mc\u0131 oluyoruz ve kariyerinizin ba\u015far\u0131l\u0131 bir \u015fekilde geli\u015fmesi i\u00e7in gereken deste\u011fi sunuyoruz.<\/li>\n<\/ol>\n<p><strong>Siz de Bir D\u00f6vme Sanat\u00e7\u0131s\u0131 Olun!<\/strong><\/p>\n<p>D\u00f6vme kurslar\u0131 ile hayalinizdeki sanat kariyerine bir ad\u0131m daha yakla\u015f\u0131n. Profesyonel e\u011fitimimiz ve samimi atmosferimizle d\u00f6vme sanat\u0131na dair her \u015feyi \u00f6\u011frenmeye haz\u0131r m\u0131s\u0131n\u0131z? Bizimle ileti\u015fime ge\u00e7in ve sanat dolu bir ser\u00fcvene ad\u0131m at\u0131n![\/vc_column_text][\/vc_column][vc_column width=&#8221;5\/12&#8243;][vc_raw_html]JTNDaWZyYW1lJTIwd2lkdGglM0QlMjI0NDAlMjIlMjBoZWlnaHQlM0QlMjI3ODMlMjIlMjBzcmMlM0QlMjJodHRwcyUzQSUyRiUyRnd3dy55b3V0dWJlLmNvbSUyRmVtYmVkJTJGbjZmeVhtV2dFWEklMjIlMjB0aXRsZSUzRCUyMkQlQzMlQjZ2bWUlMjBlJUM0JTlGaXRpbWklMjAlQzMlQjYlQzQlOUZyZW5jaWxlcmltaXpsZSUyMHVmYWslMjBzb2hiZXRsZXIlMjAlRjAlOUYlQUIlQjYlRjAlOUYlOEYlQkIlMjAlMjNkJUMzJUI2dm1lJTIwJTIzYW5rYXJhZCVDMyVCNnZtZSUyMCUyM3RhdHRvbyUyMCUyM2FydCUyMCUyM3RhdHRvb2FydGlzdCUyMiUyMGZyYW1lYm9yZGVyJTNEJTIyMCUyMiUyMGFsbG93JTNEJTIyYWNjZWxlcm9tZXRlciUzQiUyMGF1dG9wbGF5JTNCJTIwY2xpcGJvYXJkLXdyaXRlJTNCJTIwZW5jcnlwdGVkLW1lZGlhJTNCJTIwZ3lyb3Njb3BlJTNCJTIwcGljdHVyZS1pbi1waWN0dXJlJTNCJTIwd2ViLXNoYXJlJTIyJTIwYWxsb3dmdWxsc2NyZWVuJTNFJTNDJTJGaWZyYW1lJTNF[\/vc_raw_html][\/vc_column][\/vc_row][vc_row full_width=&#8221;stretch_row&#8221; el_id=&#8221;rs-cta&#8221; el_class=&#8221;rs-cta&#8221; css=&#8221;.vc_custom_1515745372760{padding-top: 30px !important;padding-bottom: 35px !important;}&#8221;][vc_column][vc_wp_text]\t\t<div id=\"sbi_mod_error\" >\n\t\t\t<span>Bu hata mesaj\u0131n\u0131 yaln\u0131zca WordPress y\u00f6neticileri g\u00f6rebilir<\/span><br\/>\n\t\t\t<p><strong>Hata: 1 kimli\u011fine sahip hi\u00e7bir ak\u0131\u015f bulunamad\u0131.<\/strong>\n\t\t\t<p>Bir ak\u0131\u015f olu\u015fturmak i\u00e7in l\u00fctfen Instagram Ak\u0131\u015f\u0131 ayarlar sayfas\u0131na gidin.<\/p>\n\t\t<\/div>\n\t\t[\/vc_wp_text][\/vc_column][\/vc_row]<\/p>\n","protected":false},"excerpt":{"rendered":"<p>[vc_row full_width=&#8221;stretch_row_content_no_spaces&#8221; css=&#8221;.vc_custom_1509607147265{margin-top: 0px !important;margin-bottom: 0px !important;padding-top: 0px !important;padding-bottom: 0px !important;}&#8221;][vc_column width=&#8221;1\/4&#8243; css=&#8221;.vc_custom_1503251047476{margin-top: 0px !important;margin-bottom: 0px !important;}&#8221;][\/vc_column][vc_column width=&#8221;1\/4&#8243;][\/vc_column][vc_column width=&#8221;1\/4&#8243;][\/vc_column][vc_column width=&#8221;1\/4&#8243;][\/vc_column][\/vc_row][vc_row&#8230;<\/p>\n","protected":false},"author":1,"featured_media":0,"parent":0,"menu_order":0,"comment_status":"closed","ping_status":"closed","template":"","meta":{"footnotes":""},"class_list":["post-135","page","type-page","status-publish","hentry"],"_links":{"self":[{"href":"https:\/\/vuralemekci.com.tr\/index.php\/wp-json\/wp\/v2\/pages\/135","targetHints":{"allow":["GET"]}}],"collection":[{"href":"https:\/\/vuralemekci.com.tr\/index.php\/wp-json\/wp\/v2\/pages"}],"about":[{"href":"https:\/\/vuralemekci.com.tr\/index.php\/wp-json\/wp\/v2\/types\/page"}],"author":[{"embeddable":true,"href":"https:\/\/vuralemekci.com.tr\/index.php\/wp-json\/wp\/v2\/users\/1"}],"replies":[{"embeddable":true,"href":"https:\/\/vuralemekci.com.tr\/index.php\/wp-json\/wp\/v2\/comments?post=135"}],"version-history":[{"count":56,"href":"https:\/\/vuralemekci.com.tr\/index.php\/wp-json\/wp\/v2\/pages\/135\/revisions"}],"predecessor-version":[{"id":313,"href":"https:\/\/vuralemekci.com.tr\/index.php\/wp-json\/wp\/v2\/pages\/135\/revisions\/313"}],"wp:attachment":[{"href":"https:\/\/vuralemekci.com.tr\/index.php\/wp-json\/wp\/v2\/media?parent=135"}],"curies":[{"name":"wp","href":"https:\/\/api.w.org\/{rel}","templated":true}]}}