{"id":141,"date":"2024-08-06T22:43:33","date_gmt":"2024-08-06T19:43:33","guid":{"rendered":"https:\/\/vuralemekci.com.tr\/?page_id=141"},"modified":"2024-08-06T22:43:34","modified_gmt":"2024-08-06T19:43:34","slug":"iletisim","status":"publish","type":"page","link":"https:\/\/vuralemekci.com.tr\/index.php\/iletisim\/","title":{"rendered":"\u0130leti\u015fim"},"content":{"rendered":"<p>[vc_row][vc_column width=&#8221;1\/2&#8243;][vc_column_text]<\/p>\n<div class=\"wpb_column vc_column_container vc_col-sm-6\">\n<div class=\"vc_column-inner\">\n<div class=\"wpb_wrapper\">\n<div class=\"wpb_text_column wpb_content_element \">\n<div class=\"wpb_wrapper\">\n<header class=\"mb-3\">\n<h4 title=\"SULLEN T\u00dcRK\u0130YE\">BESTEKAR \u015eUBES\u0130<\/h4>\n<\/header>\n<div>\n<p class=\"h5\">Remzi O\u011fuz Ar\u0131k, Bestekar Sok. No: 35\/A, 06680 \u00c7ankaya\/Ankara<\/p>\n<\/div>\n<div>\n<p><i class=\"fa fa-phone\"><\/i>(0544) 810 76 70<\/p>\n<\/div>\n<div>\n<p>info@sullenturkiye.com<\/p>\n<\/div>\n<\/div>\n<\/div>\n<div class=\"wpb_gmaps_widget wpb_content_element\">\n<div class=\"wpb_wrapper\">\n<div class=\"wpb_map_wraper\"><iframe loading=\"lazy\" src=\"https:\/\/www.google.com\/maps\/embed?pb=!1m14!1m8!1m3!1d12241.842662391884!2d32.859453!3d39.908706!3m2!1i1024!2i768!4f13.1!3m3!1m2!1s0x14d34f3aa3a93ac9%3A0x569eb1e2be72e18b!2sSullen%20T%C3%BCrkiye!5e0!3m2!1str!2str!4v1705669923678!5m2!1str!2str\" width=\"600\" height=\"450\" allowfullscreen=\"allowfullscreen\" data-mce-fragment=\"1\"><\/iframe><\/div>\n<\/div>\n<\/div>\n<\/div>\n<\/div>\n<\/div>\n<div class=\"wpb_column vc_column_container vc_col-sm-6\">\n<div class=\"vc_column-inner\">\n<div class=\"wpb_wrapper\">\n<div class=\"wpb_text_column wpb_content_element \">\n<div class=\"wpb_wrapper\"><\/div>\n<\/div>\n<div class=\"wpb_gmaps_widget wpb_content_element\">\n<div class=\"wpb_wrapper\">\n<div class=\"wpb_map_wraper\"><\/div>\n<\/div>\n<\/div>\n<\/div>\n<\/div>\n<\/div>\n<p>[\/vc_column_text][\/vc_column][vc_column width=&#8221;1\/2&#8243;][vc_column_text]<\/p>\n<div class=\"wpb_column vc_column_container vc_col-sm-6\">\n<div class=\"vc_column-inner\">\n<div class=\"wpb_wrapper\">\n<div class=\"wpb_text_column wpb_content_element \">\n<div class=\"wpb_wrapper\">\n<header class=\"mb-3\">\n<h4 title=\"SULLEN T\u00dcRK\u0130YE\">BESTEKAR \u015eUBES\u0130<\/h4>\n<\/header>\n<div>\n<p class=\"h5\">Remzi O\u011fuz Ar\u0131k, Bestekar Sok. No: 35\/A, 06680 \u00c7ankaya\/Ankara<\/p>\n<\/div>\n<div>\n<p><i class=\"fa fa-phone\"><\/i>(0544) 810 76 70<\/p>\n<\/div>\n<div>\n<p>info@sullenturkiye.com<\/p>\n<\/div>\n<\/div>\n<\/div>\n<div class=\"wpb_gmaps_widget wpb_content_element\">\n<div class=\"wpb_wrapper\">\n<div class=\"wpb_map_wraper\"><iframe loading=\"lazy\" src=\"https:\/\/www.google.com\/maps\/embed?pb=!1m14!1m8!1m3!1d12241.842662391884!2d32.859453!3d39.908706!3m2!1i1024!2i768!4f13.1!3m3!1m2!1s0x14d34f3aa3a93ac9%3A0x569eb1e2be72e18b!2sSullen%20T%C3%BCrkiye!5e0!3m2!1str!2str!4v1705669923678!5m2!1str!2str\" width=\"600\" height=\"450\" allowfullscreen=\"allowfullscreen\" data-mce-fragment=\"1\"><\/iframe><\/div>\n<\/div>\n<\/div>\n<\/div>\n<\/div>\n<\/div>\n<div class=\"wpb_column vc_column_container vc_col-sm-6\">\n<div class=\"vc_column-inner\">\n<div class=\"wpb_wrapper\">\n<div class=\"wpb_text_column wpb_content_element \">\n<div class=\"wpb_wrapper\">\n<header class=\"mb-3\">\n<h4 title=\"SULLEN T\u00dcRK\u0130YE\">C\u0130NNAH \u015eUBES\u0130<\/h4>\n<\/header>\n<div>\n<p class=\"h5\">Aziziye Mahallesi, Cinnah Caddesi No: 56\/A, 06690\u00a0 \u00c7ankaya\/Ankara<\/p>\n<\/div>\n<div>\n<p><i class=\"fa fa-phone\"><\/i>(0544) 810 76 00<\/p>\n<\/div>\n<div>\n<p>info@sullenturkiye.com<\/p>\n<\/div>\n<\/div>\n<\/div>\n<div class=\"wpb_gmaps_widget wpb_content_element\">\n<div class=\"wpb_wrapper\">\n<div class=\"wpb_map_wraper\"><iframe loading=\"lazy\" src=\"https:\/\/www.google.com\/maps\/embed?pb=!1m14!1m8!1m3!1d12244.66391854781!2d32.8562129!3d39.892916!3m2!1i1024!2i768!4f13.1!3m3!1m2!1s0x14d34f07fd397ed3%3A0xabb85189b8ecefee!2sSullen%20T%C3%BCrkiye%20Cinnah%2056!5e0!3m2!1str!2str!4v1705669766655!5m2!1str!2str\" width=\"600\" height=\"450\" allowfullscreen=\"allowfullscreen\" data-mce-fragment=\"1\"><\/iframe><\/div>\n<\/div>\n<\/div>\n<\/div>\n<\/div>\n<\/div>\n<p>[\/vc_column_text][\/vc_column][\/vc_row]<\/p>\n","protected":false},"excerpt":{"rendered":"<p>[vc_row][vc_column width=&#8221;1\/2&#8243;][vc_column_text] BESTEKAR \u015eUBES\u0130 Remzi O\u011fuz Ar\u0131k, Bestekar Sok. No: 35\/A, 06680 \u00c7ankaya\/Ankara (0544) 810 76 70 info@sullenturkiye.com [\/vc_column_text][\/vc_column][vc_column width=&#8221;1\/2&#8243;][vc_column_text]&#8230;<\/p>\n","protected":false},"author":1,"featured_media":0,"parent":0,"menu_order":0,"comment_status":"closed","ping_status":"closed","template":"","meta":{"footnotes":""},"class_list":["post-141","page","type-page","status-publish","hentry"],"_links":{"self":[{"href":"https:\/\/vuralemekci.com.tr\/index.php\/wp-json\/wp\/v2\/pages\/141","targetHints":{"allow":["GET"]}}],"collection":[{"href":"https:\/\/vuralemekci.com.tr\/index.php\/wp-json\/wp\/v2\/pages"}],"about":[{"href":"https:\/\/vuralemekci.com.tr\/index.php\/wp-json\/wp\/v2\/types\/page"}],"author":[{"embeddable":true,"href":"https:\/\/vuralemekci.com.tr\/index.php\/wp-json\/wp\/v2\/users\/1"}],"replies":[{"embeddable":true,"href":"https:\/\/vuralemekci.com.tr\/index.php\/wp-json\/wp\/v2\/comments?post=141"}],"version-history":[{"count":1,"href":"https:\/\/vuralemekci.com.tr\/index.php\/wp-json\/wp\/v2\/pages\/141\/revisions"}],"predecessor-version":[{"id":142,"href":"https:\/\/vuralemekci.com.tr\/index.php\/wp-json\/wp\/v2\/pages\/141\/revisions\/142"}],"wp:attachment":[{"href":"https:\/\/vuralemekci.com.tr\/index.php\/wp-json\/wp\/v2\/media?parent=141"}],"curies":[{"name":"wp","href":"https:\/\/api.w.org\/{rel}","templated":true}]}}