{"id":193,"date":"2024-08-19T16:35:10","date_gmt":"2024-08-19T13:35:10","guid":{"rendered":"https:\/\/vuralemekci.com.tr\/?page_id=193"},"modified":"2024-08-23T11:28:25","modified_gmt":"2024-08-23T08:28:25","slug":"seminerler","status":"publish","type":"page","link":"https:\/\/vuralemekci.com.tr\/index.php\/seminerler\/","title":{"rendered":"Seminerler"},"content":{"rendered":"<h2>D\u00f6vme Sanat\u0131nda Uzmanla\u015fmak \u0130\u00e7in Seminerler<\/h2>\n<p>D\u00f6vme sanat\u0131nda kendinizi geli\u015ftirmek, yeni teknikler \u00f6\u011frenmek ve bu alanda profesyonel bir kariyer hedefleyenler i\u00e7in d\u00fczenledi\u011fimiz seminerler, sanat\u0131n\u0131za y\u00f6n verecek bilgi ve deneyim f\u0131rsatlar\u0131 sunuyor. Seminerlerimiz, alan\u0131nda uzman d\u00f6vme sanat\u00e7\u0131lar\u0131 taraf\u0131ndan veriliyor ve her seviyeye uygun i\u00e7erikler bar\u0131nd\u0131r\u0131yor.<\/p>\n<h3>Seminer \u0130\u00e7eriklerimiz<\/h3>\n<p>D\u00fczenledi\u011fimiz seminerlerde, d\u00f6vme sanat\u0131n\u0131n farkl\u0131 alanlar\u0131na y\u00f6nelik e\u011fitimler sunulmaktad\u0131r. \u0130\u015fte kat\u0131l\u0131mc\u0131lar\u0131n yararlanabilece\u011fi baz\u0131 konular:<\/p>\n<ul>\n<li><strong>D\u00f6vme Teknikleri:<\/strong> Yeni teknikler ve stil geli\u015ftirme \u00fczerine detayl\u0131 e\u011fitimler.<\/li>\n<li><strong>Hijyen ve Sterilizasyon:<\/strong> G\u00fcvenli d\u00f6vme uygulamalar\u0131 i\u00e7in sterilizasyon ve hijyen kurallar\u0131n\u0131n \u00f6nemi.<\/li>\n<li><strong>Sanat ve Tasar\u0131m:<\/strong> D\u00f6vme sanat\u0131nda yarat\u0131c\u0131l\u0131k, \u00e7izim teknikleri ve tasar\u0131m s\u00fcre\u00e7leri.<\/li>\n<li><strong>Ekipman Kullan\u0131m\u0131:<\/strong> D\u00f6vme makinelerinin do\u011fru kullan\u0131m\u0131, bak\u0131m\u0131 ve ekipmanlar\u0131n verimli kullan\u0131m\u0131.<\/li>\n<li><strong>M\u00fc\u015fteri \u0130li\u015fkileri:<\/strong> D\u00f6vme s\u00fcrecinde m\u00fc\u015fterilerle etkili ileti\u015fim kurman\u0131n yollar\u0131.<\/li>\n<\/ul>\n<p><strong><img loading=\"lazy\" decoding=\"async\" class=\"alignnone size-medium wp-image-290\" src=\"https:\/\/vuralemekci.com.tr\/wp-content\/uploads\/5j-169x300.jpg\" alt=\"\" width=\"169\" height=\"300\" srcset=\"https:\/\/vuralemekci.com.tr\/wp-content\/uploads\/5j-169x300.jpg 169w, https:\/\/vuralemekci.com.tr\/wp-content\/uploads\/5j-576x1024.jpg 576w, https:\/\/vuralemekci.com.tr\/wp-content\/uploads\/5j-768x1365.jpg 768w, https:\/\/vuralemekci.com.tr\/wp-content\/uploads\/5j-864x1536.jpg 864w, https:\/\/vuralemekci.com.tr\/wp-content\/uploads\/5j.jpg 1080w\" sizes=\"auto, (max-width: 169px) 100vw, 169px\" \/>\u00a0 \u00a0<\/strong><strong><img loading=\"lazy\" decoding=\"async\" class=\"alignnone size-medium wp-image-286\" src=\"https:\/\/vuralemekci.com.tr\/wp-content\/uploads\/1j-169x300.jpg\" alt=\"\" width=\"169\" height=\"300\" srcset=\"https:\/\/vuralemekci.com.tr\/wp-content\/uploads\/1j-169x300.jpg 169w, https:\/\/vuralemekci.com.tr\/wp-content\/uploads\/1j-576x1024.jpg 576w, https:\/\/vuralemekci.com.tr\/wp-content\/uploads\/1j-768x1365.jpg 768w, https:\/\/vuralemekci.com.tr\/wp-content\/uploads\/1j-864x1536.jpg 864w, https:\/\/vuralemekci.com.tr\/wp-content\/uploads\/1j.jpg 1080w\" sizes=\"auto, (max-width: 169px) 100vw, 169px\" \/><\/strong><\/p>\n<h3>Seminerlerimizin Avantajlar\u0131<\/h3>\n<ul>\n<li><strong>Deneyimli E\u011fitmenler:<\/strong> Sekt\u00f6rde kendini kan\u0131tlam\u0131\u015f d\u00f6vme sanat\u00e7\u0131lar\u0131 ve e\u011fitmenler taraf\u0131ndan verilen seminerler.<\/li>\n<li><strong>Uygulamal\u0131 E\u011fitimler:<\/strong> Sadece teorik bilgi de\u011fil, ger\u00e7ek uygulamalarla peki\u015ftirilmi\u015f e\u011fitimler.<\/li>\n<li><strong>Her Seviyeye Uygun:<\/strong> Yeni ba\u015flayanlardan profesyonel d\u00f6vme sanat\u00e7\u0131lar\u0131na kadar her seviyede kat\u0131l\u0131mc\u0131ya y\u00f6nelik seminerler.<\/li>\n<li><strong>Sertifika:<\/strong> Seminerlerimize kat\u0131lan herkese kat\u0131l\u0131m sertifikas\u0131 verilmektedir.<\/li>\n<\/ul>\n<p><img loading=\"lazy\" decoding=\"async\" class=\"alignnone size-medium wp-image-288\" src=\"https:\/\/vuralemekci.com.tr\/wp-content\/uploads\/3j-169x300.jpg\" alt=\"\" width=\"169\" height=\"300\" srcset=\"https:\/\/vuralemekci.com.tr\/wp-content\/uploads\/3j-169x300.jpg 169w, https:\/\/vuralemekci.com.tr\/wp-content\/uploads\/3j-576x1024.jpg 576w, https:\/\/vuralemekci.com.tr\/wp-content\/uploads\/3j-768x1365.jpg 768w, https:\/\/vuralemekci.com.tr\/wp-content\/uploads\/3j-864x1536.jpg 864w, https:\/\/vuralemekci.com.tr\/wp-content\/uploads\/3j.jpg 1080w\" sizes=\"auto, (max-width: 169px) 100vw, 169px\" \/>\u00a0 \u00a0<img loading=\"lazy\" decoding=\"async\" class=\"alignnone size-medium wp-image-289\" src=\"https:\/\/vuralemekci.com.tr\/wp-content\/uploads\/4j-169x300.jpg\" alt=\"\" width=\"169\" height=\"300\" srcset=\"https:\/\/vuralemekci.com.tr\/wp-content\/uploads\/4j-169x300.jpg 169w, https:\/\/vuralemekci.com.tr\/wp-content\/uploads\/4j-576x1024.jpg 576w, https:\/\/vuralemekci.com.tr\/wp-content\/uploads\/4j-768x1365.jpg 768w, https:\/\/vuralemekci.com.tr\/wp-content\/uploads\/4j-864x1536.jpg 864w, https:\/\/vuralemekci.com.tr\/wp-content\/uploads\/4j.jpg 1080w\" sizes=\"auto, (max-width: 169px) 100vw, 169px\" \/>\u00a0 \u00a0<strong><img loading=\"lazy\" decoding=\"async\" class=\"alignnone size-medium wp-image-287\" src=\"https:\/\/vuralemekci.com.tr\/wp-content\/uploads\/2j-169x300.jpg\" alt=\"\" width=\"169\" height=\"300\" srcset=\"https:\/\/vuralemekci.com.tr\/wp-content\/uploads\/2j-169x300.jpg 169w, https:\/\/vuralemekci.com.tr\/wp-content\/uploads\/2j-576x1024.jpg 576w, https:\/\/vuralemekci.com.tr\/wp-content\/uploads\/2j-768x1365.jpg 768w, https:\/\/vuralemekci.com.tr\/wp-content\/uploads\/2j-864x1536.jpg 864w, https:\/\/vuralemekci.com.tr\/wp-content\/uploads\/2j.jpg 1080w\" sizes=\"auto, (max-width: 169px) 100vw, 169px\" \/><br \/>\n<\/strong><\/p>\n<p><strong>Ayr\u0131nt\u0131l\u0131 bilgi ve kay\u0131t i\u00e7in bizimle ileti\u015fime ge\u00e7ebilirsiniz.<\/strong><strong><br \/>\n<\/strong><\/p>\n","protected":false},"excerpt":{"rendered":"<p>D\u00f6vme Sanat\u0131nda Uzmanla\u015fmak \u0130\u00e7in Seminerler D\u00f6vme sanat\u0131nda kendinizi geli\u015ftirmek, yeni teknikler \u00f6\u011frenmek ve bu alanda profesyonel bir kariyer hedefleyenler i\u00e7in&#8230;<\/p>\n","protected":false},"author":1,"featured_media":0,"parent":0,"menu_order":0,"comment_status":"closed","ping_status":"closed","template":"","meta":{"footnotes":""},"class_list":["post-193","page","type-page","status-publish","hentry"],"_links":{"self":[{"href":"https:\/\/vuralemekci.com.tr\/index.php\/wp-json\/wp\/v2\/pages\/193","targetHints":{"allow":["GET"]}}],"collection":[{"href":"https:\/\/vuralemekci.com.tr\/index.php\/wp-json\/wp\/v2\/pages"}],"about":[{"href":"https:\/\/vuralemekci.com.tr\/index.php\/wp-json\/wp\/v2\/types\/page"}],"author":[{"embeddable":true,"href":"https:\/\/vuralemekci.com.tr\/index.php\/wp-json\/wp\/v2\/users\/1"}],"replies":[{"embeddable":true,"href":"https:\/\/vuralemekci.com.tr\/index.php\/wp-json\/wp\/v2\/comments?post=193"}],"version-history":[{"count":6,"href":"https:\/\/vuralemekci.com.tr\/index.php\/wp-json\/wp\/v2\/pages\/193\/revisions"}],"predecessor-version":[{"id":310,"href":"https:\/\/vuralemekci.com.tr\/index.php\/wp-json\/wp\/v2\/pages\/193\/revisions\/310"}],"wp:attachment":[{"href":"https:\/\/vuralemekci.com.tr\/index.php\/wp-json\/wp\/v2\/media?parent=193"}],"curies":[{"name":"wp","href":"https:\/\/api.w.org\/{rel}","templated":true}]}}