{"id":196,"date":"2024-08-19T16:35:35","date_gmt":"2024-08-19T13:35:35","guid":{"rendered":"https:\/\/vuralemekci.com.tr\/?page_id=196"},"modified":"2024-08-23T11:26:02","modified_gmt":"2024-08-23T08:26:02","slug":"yetenek-sinavi","status":"publish","type":"page","link":"https:\/\/vuralemekci.com.tr\/index.php\/yetenek-sinavi\/","title":{"rendered":"Yetenek S\u0131nav\u0131"},"content":{"rendered":"<p><strong>Yetenek S\u0131nav\u0131<\/strong><\/p>\n<h2>Yetenek S\u0131nav\u0131 ile Gelece\u011finize Y\u00f6n Verin<\/h2>\n<p>Sanat\u0131n\u0131 geli\u015ftirmek ve profesyonel bir kariyerin temellerini atmak isteyenler i\u00e7in yetenek s\u0131nav\u0131m\u0131z, yeteneklerinizi ke\u015ffetme ve de\u011ferlendirme f\u0131rsat\u0131 sunuyor. Yetenek s\u0131nav\u0131 ile se\u00e7ilen \u00f6\u011frenciler, \u00f6zel e\u011fitimlerimize kat\u0131lma ve \u00e7e\u015fitli burs imkanlar\u0131ndan yararlanma \u015fans\u0131na sahip oluyor.<\/p>\n<h3>Yetenek S\u0131nav\u0131m\u0131z Nas\u0131l \u0130\u015fliyor?<\/h3>\n<p>Yetenek s\u0131nav\u0131m\u0131zda, ka\u011f\u0131t \u00fczerine kara kalem ile imgesel bir tasar\u0131m olu\u015fturman\u0131z beklenir. Bu s\u0131nav, yarat\u0131c\u0131 potansiyelinizi ve sanatsal becerilerinizi ortaya \u00e7\u0131karacak bir de\u011ferlendirme s\u00fcrecidir.<\/p>\n<h3>Burs \u0130mkanlar\u0131m\u0131z<\/h3>\n<p>Yetenek s\u0131nav\u0131nda dereceye giren ilk 5 ki\u015fi i\u00e7in \u00e7e\u015fitli burs imkanlar\u0131 sunmaktay\u0131z. Bu sayede, yetenekli ancak maddi imkan\u0131 k\u0131s\u0131tl\u0131 \u00f6\u011frencilerin de e\u011fitimlerimize kat\u0131lmas\u0131n\u0131 sa\u011fl\u0131yoruz.<\/p>\n<p><img loading=\"lazy\" decoding=\"async\" class=\"alignnone size-medium wp-image-275\" src=\"https:\/\/vuralemekci.com.tr\/wp-content\/uploads\/1-1-169x300.jpg\" alt=\"\" width=\"169\" height=\"300\" srcset=\"https:\/\/vuralemekci.com.tr\/wp-content\/uploads\/1-1-169x300.jpg 169w, https:\/\/vuralemekci.com.tr\/wp-content\/uploads\/1-1-576x1024.jpg 576w, https:\/\/vuralemekci.com.tr\/wp-content\/uploads\/1-1-768x1365.jpg 768w, https:\/\/vuralemekci.com.tr\/wp-content\/uploads\/1-1-864x1536.jpg 864w, https:\/\/vuralemekci.com.tr\/wp-content\/uploads\/1-1.jpg 1080w\" sizes=\"auto, (max-width: 169px) 100vw, 169px\" \/> \u00a0<img loading=\"lazy\" decoding=\"async\" class=\"alignnone size-medium wp-image-278\" src=\"https:\/\/vuralemekci.com.tr\/wp-content\/uploads\/4-169x300.jpg\" alt=\"\" width=\"169\" height=\"300\" srcset=\"https:\/\/vuralemekci.com.tr\/wp-content\/uploads\/4-169x300.jpg 169w, https:\/\/vuralemekci.com.tr\/wp-content\/uploads\/4-576x1024.jpg 576w, https:\/\/vuralemekci.com.tr\/wp-content\/uploads\/4-768x1365.jpg 768w, https:\/\/vuralemekci.com.tr\/wp-content\/uploads\/4-864x1536.jpg 864w, https:\/\/vuralemekci.com.tr\/wp-content\/uploads\/4.jpg 1080w\" sizes=\"auto, (max-width: 169px) 100vw, 169px\" \/> \u00a0<img loading=\"lazy\" decoding=\"async\" class=\"alignnone size-medium wp-image-277\" src=\"https:\/\/vuralemekci.com.tr\/wp-content\/uploads\/3-169x300.jpg\" alt=\"\" width=\"169\" height=\"300\" srcset=\"https:\/\/vuralemekci.com.tr\/wp-content\/uploads\/3-169x300.jpg 169w, https:\/\/vuralemekci.com.tr\/wp-content\/uploads\/3-576x1024.jpg 576w, https:\/\/vuralemekci.com.tr\/wp-content\/uploads\/3-768x1365.jpg 768w, https:\/\/vuralemekci.com.tr\/wp-content\/uploads\/3-864x1536.jpg 864w, https:\/\/vuralemekci.com.tr\/wp-content\/uploads\/3.jpg 1080w\" sizes=\"auto, (max-width: 169px) 100vw, 169px\" \/> \u00a0<img loading=\"lazy\" decoding=\"async\" class=\"alignnone size-medium wp-image-276\" src=\"https:\/\/vuralemekci.com.tr\/wp-content\/uploads\/2-1-169x300.jpg\" alt=\"\" width=\"169\" height=\"300\" srcset=\"https:\/\/vuralemekci.com.tr\/wp-content\/uploads\/2-1-169x300.jpg 169w, https:\/\/vuralemekci.com.tr\/wp-content\/uploads\/2-1-576x1024.jpg 576w, https:\/\/vuralemekci.com.tr\/wp-content\/uploads\/2-1-768x1365.jpg 768w, https:\/\/vuralemekci.com.tr\/wp-content\/uploads\/2-1-864x1536.jpg 864w, https:\/\/vuralemekci.com.tr\/wp-content\/uploads\/2-1.jpg 1080w\" sizes=\"auto, (max-width: 169px) 100vw, 169px\" \/><\/p>\n<p><strong>Burs Da\u011f\u0131l\u0131m\u0131:<\/strong><\/p>\n<ul>\n<li>\n<ol>\n<li>olan \u00f6\u011frenciye <strong>%100 burs<\/strong><\/li>\n<\/ol>\n<\/li>\n<li>\n<ol start=\"2\">\n<li>olan \u00f6\u011frenciye <strong>%50 burs<\/strong><\/li>\n<\/ol>\n<\/li>\n<li>3., 4. ve 5. olan \u00f6\u011frencilere <strong>%25 burs<\/strong><\/li>\n<\/ul>\n<h3>T\u00fcm Kat\u0131l\u0131mc\u0131lara \u0130ndirim F\u0131rsat\u0131<\/h3>\n<p>Yetenek s\u0131nav\u0131na kat\u0131lan her \u00f6\u011frenciye, e\u011fitimlerimizde %10 indirim sa\u011flanmaktad\u0131r. B\u00f6ylece, s\u0131nav sonu\u00e7lar\u0131ndan ba\u011f\u0131ms\u0131z olarak herkesin sanatsal geli\u015fimine katk\u0131da bulunmay\u0131 hedefliyoruz.<\/p>\n<p>Yetenek s\u0131nav\u0131m\u0131zla ilgili daha fazla bilgi almak ve ba\u015fvuru yapmak i\u00e7in bizimle ileti\u015fime ge\u00e7ebilirsiniz. Sanat dolu bir gelece\u011fin kap\u0131lar\u0131n\u0131 aralamak i\u00e7in yeteneklerinizi g\u00f6sterme f\u0131rsat\u0131n\u0131 ka\u00e7\u0131rmay\u0131n!<\/p>\n","protected":false},"excerpt":{"rendered":"<p>Yetenek S\u0131nav\u0131 Yetenek S\u0131nav\u0131 ile Gelece\u011finize Y\u00f6n Verin Sanat\u0131n\u0131 geli\u015ftirmek ve profesyonel bir kariyerin temellerini atmak isteyenler i\u00e7in yetenek s\u0131nav\u0131m\u0131z,&#8230;<\/p>\n","protected":false},"author":1,"featured_media":0,"parent":0,"menu_order":0,"comment_status":"closed","ping_status":"closed","template":"","meta":{"footnotes":""},"class_list":["post-196","page","type-page","status-publish","hentry"],"_links":{"self":[{"href":"https:\/\/vuralemekci.com.tr\/index.php\/wp-json\/wp\/v2\/pages\/196","targetHints":{"allow":["GET"]}}],"collection":[{"href":"https:\/\/vuralemekci.com.tr\/index.php\/wp-json\/wp\/v2\/pages"}],"about":[{"href":"https:\/\/vuralemekci.com.tr\/index.php\/wp-json\/wp\/v2\/types\/page"}],"author":[{"embeddable":true,"href":"https:\/\/vuralemekci.com.tr\/index.php\/wp-json\/wp\/v2\/users\/1"}],"replies":[{"embeddable":true,"href":"https:\/\/vuralemekci.com.tr\/index.php\/wp-json\/wp\/v2\/comments?post=196"}],"version-history":[{"count":9,"href":"https:\/\/vuralemekci.com.tr\/index.php\/wp-json\/wp\/v2\/pages\/196\/revisions"}],"predecessor-version":[{"id":309,"href":"https:\/\/vuralemekci.com.tr\/index.php\/wp-json\/wp\/v2\/pages\/196\/revisions\/309"}],"wp:attachment":[{"href":"https:\/\/vuralemekci.com.tr\/index.php\/wp-json\/wp\/v2\/media?parent=196"}],"curies":[{"name":"wp","href":"https:\/\/api.w.org\/{rel}","templated":true}]}}