{"id":199,"date":"2024-08-19T16:36:15","date_gmt":"2024-08-19T13:36:15","guid":{"rendered":"https:\/\/vuralemekci.com.tr\/?page_id=199"},"modified":"2024-08-23T11:23:09","modified_gmt":"2024-08-23T08:23:09","slug":"dersler","status":"publish","type":"page","link":"https:\/\/vuralemekci.com.tr\/index.php\/dersler\/","title":{"rendered":"Dersler"},"content":{"rendered":"<h2>D\u00f6vme Dersleri ile Sanat\u0131n\u0131z\u0131 Zirveye Ta\u015f\u0131y\u0131n<\/h2>\n<p><strong>D\u00f6vme sanat\u0131na ilgi duyanlar i\u00e7in \u00f6zel tasarlanm\u0131\u015f d\u00f6vme dersleriyle hayalinizdeki kariyere ilk ad\u0131m\u0131 at\u0131n!<\/strong><\/p>\n<p>D\u00f6vme sanat\u0131, ki\u015fisel yarat\u0131c\u0131l\u0131\u011f\u0131 ve sanat\u0131 insan bedenine ta\u015f\u0131yan \u00f6zel bir aland\u0131r. Profesyonel d\u00f6vme sanat\u00e7\u0131s\u0131 olmak isteyenler i\u00e7in sundu\u011fumuz kapsaml\u0131 d\u00f6vme dersleri, temel tekniklerden ileri seviye becerilere kadar her a\u015famada sizi destekler.<\/p>\n<h3>Neden D\u00f6vme Derslerimiz?<\/h3>\n<ul>\n<li><strong>Deneyimli E\u011fitmenler:<\/strong> Alan\u0131nda uzman d\u00f6vme sanat\u00e7\u0131lar\u0131 taraf\u0131ndan verilen e\u011fitimlerle sanatsal ve teknik becerilerinizi geli\u015ftirin.<\/li>\n<li><strong>Pratik Odakl\u0131 E\u011fitim:<\/strong> Teorik bilgilerin yan\u0131 s\u0131ra ger\u00e7ek cilt \u00fczerinde \u00e7al\u0131\u015fma f\u0131rsatlar\u0131 ile pratik deneyim kazan\u0131n.<\/li>\n<li><strong>Modern Ekipman Kullan\u0131m\u0131:<\/strong> D\u00f6vme makineleri ve di\u011fer ekipmanlar\u0131 nas\u0131l etkili bir \u015fekilde kullanabilece\u011finizi \u00f6\u011frenin.<\/li>\n<li><strong>Kapsaml\u0131 M\u00fcfredat:<\/strong> Sanat, hijyen, m\u00fc\u015fteri ili\u015fkileri ve d\u00f6vme st\u00fcdyosu y\u00f6netimi konular\u0131nda tam donan\u0131ml\u0131 bir e\u011fitim program\u0131.<\/li>\n<\/ul>\n<h3>Kimler Kat\u0131labilir?<\/h3>\n<p>D\u00f6vme sanat\u0131yla ilgilenen, sanatsal yeteneklerini geli\u015ftirmek ve profesyonel bir d\u00f6vme sanat\u00e7\u0131s\u0131 olmak isteyen herkes d\u00f6vme derslerimize kat\u0131labilir. \u0130ster yeni ba\u015flayan olun, ister deneyimli bir sanat\u00e7\u0131, her seviyeye uygun ders se\u00e7eneklerimizle sizi destekliyoruz.<\/p>\n<h3>D\u00f6vme Sanat\u0131na \u0130lk Ad\u0131m\u0131 Bizimle At\u0131n<\/h3>\n<p>D\u00f6vme derslerimiz, size sanatsal yeteneklerinizi geli\u015ftirme ve d\u00f6vme d\u00fcnyas\u0131nda sa\u011flam bir kariyer in\u015fa etme f\u0131rsat\u0131 sunuyor. Hayalinizdeki d\u00f6vme sanat\u00e7\u0131s\u0131 olmak i\u00e7in hemen bize kat\u0131l\u0131n ve sanatsal yolculu\u011funuzda ilk ad\u0131m\u0131 at\u0131n!<\/p>\n<p><img loading=\"lazy\" decoding=\"async\" class=\"alignnone size-medium wp-image-230\" src=\"https:\/\/vuralemekci.com.tr\/wp-content\/uploads\/inkk-1-220x300.jpg\" alt=\"\u0130nk Akademi Dersler\" width=\"220\" height=\"300\" srcset=\"https:\/\/vuralemekci.com.tr\/wp-content\/uploads\/inkk-1-220x300.jpg 220w, https:\/\/vuralemekci.com.tr\/wp-content\/uploads\/inkk-1-751x1024.jpg 751w, https:\/\/vuralemekci.com.tr\/wp-content\/uploads\/inkk-1-768x1048.jpg 768w, https:\/\/vuralemekci.com.tr\/wp-content\/uploads\/inkk-1-1126x1536.jpg 1126w, https:\/\/vuralemekci.com.tr\/wp-content\/uploads\/inkk-1.jpg 1173w\" sizes=\"auto, (max-width: 220px) 100vw, 220px\" \/><img loading=\"lazy\" decoding=\"async\" class=\"alignnone size-medium wp-image-229\" src=\"https:\/\/vuralemekci.com.tr\/wp-content\/uploads\/INK-1-220x300.jpg\" alt=\"\u0130nk Akademi Dersler\" width=\"220\" height=\"300\" srcset=\"https:\/\/vuralemekci.com.tr\/wp-content\/uploads\/INK-1-220x300.jpg 220w, https:\/\/vuralemekci.com.tr\/wp-content\/uploads\/INK-1-751x1024.jpg 751w, https:\/\/vuralemekci.com.tr\/wp-content\/uploads\/INK-1-768x1048.jpg 768w, https:\/\/vuralemekci.com.tr\/wp-content\/uploads\/INK-1-1126x1536.jpg 1126w, https:\/\/vuralemekci.com.tr\/wp-content\/uploads\/INK-1.jpg 1173w\" sizes=\"auto, (max-width: 220px) 100vw, 220px\" \/><img loading=\"lazy\" decoding=\"async\" class=\"alignnone size-medium wp-image-268\" src=\"https:\/\/vuralemekci.com.tr\/wp-content\/uploads\/2-169x300.jpg\" alt=\"\" width=\"169\" height=\"300\" srcset=\"https:\/\/vuralemekci.com.tr\/wp-content\/uploads\/2-169x300.jpg 169w, https:\/\/vuralemekci.com.tr\/wp-content\/uploads\/2-576x1024.jpg 576w, https:\/\/vuralemekci.com.tr\/wp-content\/uploads\/2-768x1365.jpg 768w, https:\/\/vuralemekci.com.tr\/wp-content\/uploads\/2-864x1536.jpg 864w, https:\/\/vuralemekci.com.tr\/wp-content\/uploads\/2.jpg 1080w\" sizes=\"auto, (max-width: 169px) 100vw, 169px\" \/> <img loading=\"lazy\" decoding=\"async\" class=\"alignnone size-medium wp-image-228\" src=\"https:\/\/vuralemekci.com.tr\/wp-content\/uploads\/dersler-1-220x300.jpg\" alt=\"\u0130nk Akademi Dersler\" width=\"220\" height=\"300\" srcset=\"https:\/\/vuralemekci.com.tr\/wp-content\/uploads\/dersler-1-220x300.jpg 220w, https:\/\/vuralemekci.com.tr\/wp-content\/uploads\/dersler-1-751x1024.jpg 751w, https:\/\/vuralemekci.com.tr\/wp-content\/uploads\/dersler-1-768x1048.jpg 768w, https:\/\/vuralemekci.com.tr\/wp-content\/uploads\/dersler-1-1126x1536.jpg 1126w, https:\/\/vuralemekci.com.tr\/wp-content\/uploads\/dersler-1.jpg 1173w\" sizes=\"auto, (max-width: 220px) 100vw, 220px\" \/><img loading=\"lazy\" decoding=\"async\" class=\"alignnone size-medium wp-image-267\" src=\"https:\/\/vuralemekci.com.tr\/wp-content\/uploads\/1-169x300.jpg\" alt=\"\" width=\"169\" height=\"300\" srcset=\"https:\/\/vuralemekci.com.tr\/wp-content\/uploads\/1-169x300.jpg 169w, https:\/\/vuralemekci.com.tr\/wp-content\/uploads\/1-576x1024.jpg 576w, https:\/\/vuralemekci.com.tr\/wp-content\/uploads\/1-768x1365.jpg 768w, https:\/\/vuralemekci.com.tr\/wp-content\/uploads\/1-864x1536.jpg 864w, https:\/\/vuralemekci.com.tr\/wp-content\/uploads\/1.jpg 1080w\" sizes=\"auto, (max-width: 169px) 100vw, 169px\" \/><\/p>\n<p><strong>MEB Onayl\u0131 Ders Mod\u00fcl\u00fc<\/strong><\/p>\n<p><strong>3 Ay \/ 12 Saat<\/strong><\/p>\n<p><strong>\u0130lk ay ka\u011f\u0131t \u00fczerinde temel d\u00f6vme e\u011fitimiyle ba\u015flanmaktad\u0131r.<\/strong><\/p>\n<p><strong>\u0130kinci ay<\/strong> yapay deri \u00fczerinde, d\u00f6vme malzemeleri g\u00f6steriliyor; nokta, \u00e7izgi,<\/p>\n<p><strong>\u00dc\u00e7\u00fcnc\u00fc ay<\/strong>\u00a0ise t\u00fcm teknikler st\u00fcdyomuzda bizim g\u00f6zetimimizde, ger\u00e7ek deriye uygulan\u0131yor. Ayr\u0131ca h\u0131zland\u0131r\u0131lm\u0131\u015f kurs da sunmaktay\u0131z. 8-12 g\u00fcn s\u00fcren kursumuzda 3 ayl\u0131k program yo\u011funla\u015ft\u0131r\u0131lm\u0131\u015f \u015fekilde\u00a0verilmektedir.<\/p>\n","protected":false},"excerpt":{"rendered":"<p>D\u00f6vme Dersleri ile Sanat\u0131n\u0131z\u0131 Zirveye Ta\u015f\u0131y\u0131n D\u00f6vme sanat\u0131na ilgi duyanlar i\u00e7in \u00f6zel tasarlanm\u0131\u015f d\u00f6vme dersleriyle hayalinizdeki kariyere ilk ad\u0131m\u0131 at\u0131n!&#8230;<\/p>\n","protected":false},"author":1,"featured_media":0,"parent":0,"menu_order":0,"comment_status":"closed","ping_status":"closed","template":"","meta":{"footnotes":""},"class_list":["post-199","page","type-page","status-publish","hentry"],"_links":{"self":[{"href":"https:\/\/vuralemekci.com.tr\/index.php\/wp-json\/wp\/v2\/pages\/199","targetHints":{"allow":["GET"]}}],"collection":[{"href":"https:\/\/vuralemekci.com.tr\/index.php\/wp-json\/wp\/v2\/pages"}],"about":[{"href":"https:\/\/vuralemekci.com.tr\/index.php\/wp-json\/wp\/v2\/types\/page"}],"author":[{"embeddable":true,"href":"https:\/\/vuralemekci.com.tr\/index.php\/wp-json\/wp\/v2\/users\/1"}],"replies":[{"embeddable":true,"href":"https:\/\/vuralemekci.com.tr\/index.php\/wp-json\/wp\/v2\/comments?post=199"}],"version-history":[{"count":15,"href":"https:\/\/vuralemekci.com.tr\/index.php\/wp-json\/wp\/v2\/pages\/199\/revisions"}],"predecessor-version":[{"id":308,"href":"https:\/\/vuralemekci.com.tr\/index.php\/wp-json\/wp\/v2\/pages\/199\/revisions\/308"}],"wp:attachment":[{"href":"https:\/\/vuralemekci.com.tr\/index.php\/wp-json\/wp\/v2\/media?parent=199"}],"curies":[{"name":"wp","href":"https:\/\/api.w.org\/{rel}","templated":true}]}}